{"id":8,"date":"2024-01-16T13:22:45","date_gmt":"2024-01-16T12:22:45","guid":{"rendered":"https:\/\/vtcalexis.re\/?page_id=8"},"modified":"2024-01-22T11:49:02","modified_gmt":"2024-01-22T10:49:02","slug":"elementor-8","status":"publish","type":"page","link":"https:\/\/vtcalexis.re\/","title":{"rendered":"Accueil"},"content":{"rendered":"\t\t<div data-elementor-type=\"wp-post\" data-elementor-id=\"8\" class=\"elementor elementor-8\">\n\t\t\t\t<div class=\"elementor-element elementor-element-d4ba8e5 e-flex e-con-boxed e-con e-parent\" data-id=\"d4ba8e5\" data-element_type=\"container\" data-e-type=\"container\">\n\t\t\t\t\t<div class=\"e-con-inner\">\n\t\t\t\t<div class=\"elementor-element elementor-element-d2877f9 elementor-widget elementor-widget-heading\" data-id=\"d2877f9\" data-element_type=\"widget\" data-e-type=\"widget\" data-widget_type=\"heading.default\">\n\t\t\t\t<div class=\"elementor-widget-container\">\n\t\t\t\t\t<h2 class=\"elementor-heading-title elementor-size-default\">Transferts A\u00e9roports<\/h2>\t\t\t\t<\/div>\n\t\t\t\t<\/div>\n\t\t\t\t<div class=\"elementor-element elementor-element-11ce001 elementor-widget elementor-widget-image\" data-id=\"11ce001\" data-element_type=\"widget\" data-e-type=\"widget\" data-widget_type=\"image.default\">\n\t\t\t\t<div class=\"elementor-widget-container\">\n\t\t\t\t\t\t\t\t\t\t\t\t\t\t\t<img decoding=\"async\" src=\"https:\/\/vtcalexis.re\/wp-content\/uploads\/elementor\/thumbs\/SAM_1228-qie7zx0kdt0tn9gbvtevwlx2vbm508dldmyx2sqyyw.jpg\" title=\"SAM_1228\" alt=\"VTC ALEXIS\" loading=\"lazy\" \/>\t\t\t\t\t\t\t\t\t\t\t\t\t\t\t<\/div>\n\t\t\t\t<\/div>\n\t\t\t\t\t<\/div>\n\t\t\t\t<\/div>\n\t\t<div class=\"elementor-element elementor-element-61f6f92 e-flex e-con-boxed e-con e-parent\" data-id=\"61f6f92\" data-element_type=\"container\" data-e-type=\"container\">\n\t\t\t\t\t<div class=\"e-con-inner\">\n\t\t\t\t<div class=\"elementor-element elementor-element-3afbd81 elementor-widget elementor-widget-text-editor\" data-id=\"3afbd81\" data-element_type=\"widget\" data-e-type=\"widget\" data-widget_type=\"text-editor.default\">\n\t\t\t\t<div class=\"elementor-widget-container\">\n\t\t\t\t\t\t\t\t\t<p><br \/><strong>Afin de vous faciliter vos d\u00e9placements sur l\u2019i\u00eee de la R\u00e9union , VTC Alexis,VTC La R\u00e9union propose \u00e0 vous touristes ,en excale de croisi\u00e8re et surtout les r\u00e9sidents de l\u2019\u00eele de la R\u00e9union les services suivants\u00a0: les transferts A\u00e9roports La R\u00e9union , le VTC \u00e0 la demande et les excursions sur toute l\u2019\u00eele .Moi , VTC Alexis je suis chauffeur dans le transport de personnes La R\u00e9union depuis plus de 20 ans , ou l\u2019accueil et l\u2019\u00e9coute de la personne que je transporte est pour moi , ma priorit\u00e9.Je mets \u00e0 votre disposition mon v\u00e9hicule tr\u00e8s confortable pour rendre vos trajets plus agr\u00e9ables et s\u00e9curis\u00e9s.Si vous voulez me faire confiance , je serais heureux d\u2019assurer vos trajets sur toute l\u2019\u00eele de la R\u00e9union.<\/strong><\/p>\t\t\t\t\t\t\t\t<\/div>\n\t\t\t\t<\/div>\n\t\t\t\t\t<\/div>\n\t\t\t\t<\/div>\n\t\t<div class=\"elementor-element elementor-element-9ab771a e-flex e-con-boxed e-con e-parent\" data-id=\"9ab771a\" data-element_type=\"container\" data-e-type=\"container\">\n\t\t\t\t\t<div class=\"e-con-inner\">\n\t\t<div class=\"elementor-element elementor-element-a8da5e6 e-con-full e-flex e-con e-child\" data-id=\"a8da5e6\" data-element_type=\"container\" data-e-type=\"container\">\n\t\t\t\t<div class=\"elementor-element elementor-element-f0d63bd elementor-widget elementor-widget-image\" data-id=\"f0d63bd\" data-element_type=\"widget\" data-e-type=\"widget\" data-widget_type=\"image.default\">\n\t\t\t\t<div class=\"elementor-widget-container\">\n\t\t\t\t\t\t\t\t\t\t\t\t\t\t\t<img fetchpriority=\"high\" decoding=\"async\" width=\"275\" height=\"183\" src=\"https:\/\/vtcalexis.re\/wp-content\/uploads\/2024\/01\/AEROPORT-ROLAND-GARROS.jpg\" class=\"attachment-full size-full wp-image-50\" alt=\"A\u00e9roport 974\" \/>\t\t\t\t\t\t\t\t\t\t\t\t\t\t\t<\/div>\n\t\t\t\t<\/div>\n\t\t\t\t<\/div>\n\t\t<div class=\"elementor-element elementor-element-1a518a5 e-con-full e-flex e-con e-child\" data-id=\"1a518a5\" data-element_type=\"container\" data-e-type=\"container\">\n\t\t\t\t<div class=\"elementor-element elementor-element-07c0704 elementor-widget elementor-widget-heading\" data-id=\"07c0704\" data-element_type=\"widget\" data-e-type=\"widget\" data-widget_type=\"heading.default\">\n\t\t\t\t<div class=\"elementor-widget-container\">\n\t\t\t\t\t<h2 class=\"elementor-heading-title elementor-size-default\">\u2022\tLE TRANSPORT AEROPORT :<\/h2>\t\t\t\t<\/div>\n\t\t\t\t<\/div>\n\t\t\t\t<div class=\"elementor-element elementor-element-eeb72f2 elementor-widget elementor-widget-text-editor\" data-id=\"eeb72f2\" data-element_type=\"widget\" data-e-type=\"widget\" data-widget_type=\"text-editor.default\">\n\t\t\t\t<div class=\"elementor-widget-container\">\n\t\t\t\t\t\t\t\t\t<p><span style=\"color: #000000;\"><strong><u>VTC Alexis vos trajets en toute simplicit\u00e9e<\/u><\/strong><\/span><\/p><ul><li><span style=\"color: #000000;\">VTC Alexis se charge de votre transfert depuis l&rsquo;a\u00e9roport, jusqu&rsquo;\u00e0 votre r\u00e9sidence et inversement.<\/span><\/li><\/ul><p><span style=\"color: #000000;\">\u00a0\u00a0\u00a0\u00a0\u00a0\u00a0\u00a0\u00a0\u00a0\u00a0\u00a0\u00a0\u00a0\u00a0\u00a0\u00a0\u00a0\u00a0 NOTRE ENGAGEMENT :<\/span><\/p><ul><li><span style=\"color: #000000;\">VTC Alexis s&rsquo;engage \u00e0 fournir une prestation de qualit\u00e9, sur-mesures afin de s&rsquo;adapter au mieux \u00e0 vos besoins et d&rsquo;optimiser vos d\u00e9placements au maximum sur l&rsquo;ensemble de l&rsquo;ile.<\/span><\/li><\/ul><p><span style=\"color: #000000;\">Plus besoin de vous soucier du parking ou de la location de voiture , je\u00a0 vous propose vous touristes ,en escale de croisi\u00e8re et surtout les r\u00e9sidents de la R\u00e9union, vos transferts de l\u2019A\u00e9roport La R\u00e9union \u00e0 votre destination (votre h\u00e9bergement\u00a0, \u00e0 votre domicile , \u00e0 votre salle de\u00a0 s\u00e9minaire ) .Je\u00a0 mets\u00a0 \u00e0 votre disposition mon \u00a0v\u00e9hicule tr\u00e8s confortable\u00a0 avec chauffeur, mon \u00a0v\u00e9hicule peut accueillir de 1 personne \u00e0 6 personnes sans bagage et de 1 \u00e0 4 personnes avec bagages .<\/span><\/p>\t\t\t\t\t\t\t\t<\/div>\n\t\t\t\t<\/div>\n\t\t\t\t<\/div>\n\t\t\t\t\t<\/div>\n\t\t\t\t<\/div>\n\t\t<div class=\"elementor-element elementor-element-c29f2c6 e-flex e-con-boxed e-con e-parent\" data-id=\"c29f2c6\" data-element_type=\"container\" data-e-type=\"container\">\n\t\t\t\t\t<div class=\"e-con-inner\">\n\t\t\t\t<div class=\"elementor-element elementor-element-4b4d38c elementor-align-center elementor-widget elementor-widget-button\" data-id=\"4b4d38c\" data-element_type=\"widget\" data-e-type=\"widget\" data-widget_type=\"button.default\">\n\t\t\t\t<div class=\"elementor-widget-container\">\n\t\t\t\t\t\t\t\t\t<div class=\"elementor-button-wrapper\">\n\t\t\t\t\t<a class=\"elementor-button elementor-button-link elementor-size-md\" href=\"https:\/\/vtcalexis.re\/?page_id=23\" target=\"_blank\">\n\t\t\t\t\t\t<span class=\"elementor-button-content-wrapper\">\n\t\t\t\t\t\t\t\t\t<span class=\"elementor-button-text\">Demande de devis<\/span>\n\t\t\t\t\t<\/span>\n\t\t\t\t\t<\/a>\n\t\t\t\t<\/div>\n\t\t\t\t\t\t\t\t<\/div>\n\t\t\t\t<\/div>\n\t\t\t\t\t<\/div>\n\t\t\t\t<\/div>\n\t\t\t\t<\/div>\n\t\t","protected":false},"excerpt":{"rendered":"<p>Transferts A\u00e9roports Afin de vous faciliter vos d\u00e9placements sur l\u2019i\u00eee de la R\u00e9union , VTC Alexis,VTC La R\u00e9union propose \u00e0 vous touristes ,en excale de croisi\u00e8re et surtout les r\u00e9sidents de l\u2019\u00eele de la R\u00e9union les services suivants\u00a0: les transferts A\u00e9roports La R\u00e9union , le VTC \u00e0 la demande et les excursions sur toute l\u2019\u00eele [&hellip;]<\/p>\n","protected":false},"author":1,"featured_media":0,"parent":0,"menu_order":0,"comment_status":"closed","ping_status":"closed","template":"","meta":{"om_disable_all_campaigns":false,"_monsterinsights_skip_tracking":false,"_monsterinsights_sitenote_active":false,"_monsterinsights_sitenote_note":"","_monsterinsights_sitenote_category":0,"_uf_show_specific_survey":0,"_uf_disable_surveys":false,"ocean_post_layout":"","ocean_both_sidebars_style":"","ocean_both_sidebars_content_width":0,"ocean_both_sidebars_sidebars_width":0,"ocean_sidebar":"","ocean_second_sidebar":"","ocean_disable_margins":"enable","ocean_add_body_class":"","ocean_shortcode_before_top_bar":"","ocean_shortcode_after_top_bar":"","ocean_shortcode_before_header":"","ocean_shortcode_after_header":"","ocean_has_shortcode":"","ocean_shortcode_after_title":"","ocean_shortcode_before_footer_widgets":"","ocean_shortcode_after_footer_widgets":"","ocean_shortcode_before_footer_bottom":"","ocean_shortcode_after_footer_bottom":"","ocean_display_top_bar":"default","ocean_display_header":"default","ocean_header_style":"","ocean_center_header_left_menu":"","ocean_custom_header_template":"","ocean_custom_logo":0,"ocean_custom_retina_logo":0,"ocean_custom_logo_max_width":0,"ocean_custom_logo_tablet_max_width":0,"ocean_custom_logo_mobile_max_width":0,"ocean_custom_logo_max_height":0,"ocean_custom_logo_tablet_max_height":0,"ocean_custom_logo_mobile_max_height":0,"ocean_header_custom_menu":"","ocean_menu_typo_font_family":"","ocean_menu_typo_font_subset":"","ocean_menu_typo_font_size":0,"ocean_menu_typo_font_size_tablet":0,"ocean_menu_typo_font_size_mobile":0,"ocean_menu_typo_font_size_unit":"px","ocean_menu_typo_font_weight":"","ocean_menu_typo_font_weight_tablet":"","ocean_menu_typo_font_weight_mobile":"","ocean_menu_typo_transform":"","ocean_menu_typo_transform_tablet":"","ocean_menu_typo_transform_mobile":"","ocean_menu_typo_line_height":0,"ocean_menu_typo_line_height_tablet":0,"ocean_menu_typo_line_height_mobile":0,"ocean_menu_typo_line_height_unit":"","ocean_menu_typo_spacing":0,"ocean_menu_typo_spacing_tablet":0,"ocean_menu_typo_spacing_mobile":0,"ocean_menu_typo_spacing_unit":"","ocean_menu_link_color":"","ocean_menu_link_color_hover":"","ocean_menu_link_color_active":"","ocean_menu_link_background":"","ocean_menu_link_hover_background":"","ocean_menu_link_active_background":"","ocean_menu_social_links_bg":"","ocean_menu_social_hover_links_bg":"","ocean_menu_social_links_color":"","ocean_menu_social_hover_links_color":"","ocean_disable_title":"default","ocean_disable_heading":"default","ocean_post_title":"","ocean_post_subheading":"","ocean_post_title_style":"","ocean_post_title_background_color":"","ocean_post_title_background":0,"ocean_post_title_bg_image_position":"","ocean_post_title_bg_image_attachment":"","ocean_post_title_bg_image_repeat":"","ocean_post_title_bg_image_size":"","ocean_post_title_height":0,"ocean_post_title_bg_overlay":0.5,"ocean_post_title_bg_overlay_color":"","ocean_disable_breadcrumbs":"default","ocean_breadcrumbs_color":"","ocean_breadcrumbs_separator_color":"","ocean_breadcrumbs_links_color":"","ocean_breadcrumbs_links_hover_color":"","ocean_display_footer_widgets":"default","ocean_display_footer_bottom":"default","ocean_custom_footer_template":"","footnotes":""},"class_list":["post-8","page","type-page","status-publish","hentry","entry"],"yoast_head":"<!-- This site is optimized with the Yoast SEO plugin v27.4 - https:\/\/yoast.com\/product\/yoast-seo-wordpress\/ -->\n<title>Accueil - VTC ALEXIS 974<\/title>\n<meta name=\"robots\" content=\"index, follow, max-snippet:-1, max-image-preview:large, max-video-preview:-1\" \/>\n<link rel=\"canonical\" href=\"https:\/\/vtcalexis.re\/\" \/>\n<meta property=\"og:locale\" content=\"fr_FR\" \/>\n<meta property=\"og:type\" content=\"article\" \/>\n<meta property=\"og:title\" content=\"Accueil - VTC ALEXIS 974\" \/>\n<meta property=\"og:description\" content=\"Transferts A\u00e9roports Afin de vous faciliter vos d\u00e9placements sur l\u2019i\u00eee de la R\u00e9union , VTC Alexis,VTC La R\u00e9union propose \u00e0 vous touristes ,en excale de croisi\u00e8re et surtout les r\u00e9sidents de l\u2019\u00eele de la R\u00e9union les services suivants\u00a0: les transferts A\u00e9roports La R\u00e9union , le VTC \u00e0 la demande et les excursions sur toute l\u2019\u00eele [&hellip;]\" \/>\n<meta property=\"og:url\" content=\"https:\/\/vtcalexis.re\/\" \/>\n<meta property=\"og:site_name\" content=\"VTC ALEXIS 974\" \/>\n<meta property=\"article:modified_time\" content=\"2024-01-22T10:49:02+00:00\" \/>\n<meta property=\"og:image\" content=\"https:\/\/vtcalexis.re\/wp-content\/uploads\/elementor\/thumbs\/SAM_1228-qie7zx0kdt0tn9gbvtevwlx2vbm508dldmywmnnwjs.jpg\" \/>\n<meta name=\"twitter:card\" content=\"summary_large_image\" \/>\n<meta name=\"twitter:label1\" content=\"Dur\u00e9e de lecture estim\u00e9e\" \/>\n\t<meta name=\"twitter:data1\" content=\"1 minute\" \/>\n<script type=\"application\/ld+json\" class=\"yoast-schema-graph\">{\"@context\":\"https:\\\/\\\/schema.org\",\"@graph\":[{\"@type\":\"WebPage\",\"@id\":\"https:\\\/\\\/vtcalexis.re\\\/\",\"url\":\"https:\\\/\\\/vtcalexis.re\\\/\",\"name\":\"Accueil - VTC ALEXIS 974\",\"isPartOf\":{\"@id\":\"https:\\\/\\\/vtcalexis.re\\\/#website\"},\"primaryImageOfPage\":{\"@id\":\"https:\\\/\\\/vtcalexis.re\\\/#primaryimage\"},\"image\":{\"@id\":\"https:\\\/\\\/vtcalexis.re\\\/#primaryimage\"},\"thumbnailUrl\":\"https:\\\/\\\/vtcalexis.re\\\/wp-content\\\/uploads\\\/elementor\\\/thumbs\\\/SAM_1228-qie7zx0kdt0tn9gbvtevwlx2vbm508dldmywmnnwjs.jpg\",\"datePublished\":\"2024-01-16T12:22:45+00:00\",\"dateModified\":\"2024-01-22T10:49:02+00:00\",\"breadcrumb\":{\"@id\":\"https:\\\/\\\/vtcalexis.re\\\/#breadcrumb\"},\"inLanguage\":\"fr-FR\",\"potentialAction\":[{\"@type\":\"ReadAction\",\"target\":[\"https:\\\/\\\/vtcalexis.re\\\/\"]}]},{\"@type\":\"ImageObject\",\"inLanguage\":\"fr-FR\",\"@id\":\"https:\\\/\\\/vtcalexis.re\\\/#primaryimage\",\"url\":\"https:\\\/\\\/vtcalexis.re\\\/wp-content\\\/uploads\\\/elementor\\\/thumbs\\\/SAM_1228-qie7zx0kdt0tn9gbvtevwlx2vbm508dldmywmnnwjs.jpg\",\"contentUrl\":\"https:\\\/\\\/vtcalexis.re\\\/wp-content\\\/uploads\\\/elementor\\\/thumbs\\\/SAM_1228-qie7zx0kdt0tn9gbvtevwlx2vbm508dldmywmnnwjs.jpg\"},{\"@type\":\"BreadcrumbList\",\"@id\":\"https:\\\/\\\/vtcalexis.re\\\/#breadcrumb\",\"itemListElement\":[{\"@type\":\"ListItem\",\"position\":1,\"name\":\"Accueil\",\"item\":\"https:\\\/\\\/vtcalexis.re\\\/\"},{\"@type\":\"ListItem\",\"position\":2,\"name\":\"Accueil\"}]},{\"@type\":\"WebSite\",\"@id\":\"https:\\\/\\\/vtcalexis.re\\\/#website\",\"url\":\"https:\\\/\\\/vtcalexis.re\\\/\",\"name\":\"VTC ALEXIS 974\",\"description\":\"VTC \u00e0 La R\u00e9union\",\"publisher\":{\"@id\":\"https:\\\/\\\/vtcalexis.re\\\/#organization\"},\"potentialAction\":[{\"@type\":\"SearchAction\",\"target\":{\"@type\":\"EntryPoint\",\"urlTemplate\":\"https:\\\/\\\/vtcalexis.re\\\/?s={search_term_string}\"},\"query-input\":{\"@type\":\"PropertyValueSpecification\",\"valueRequired\":true,\"valueName\":\"search_term_string\"}}],\"inLanguage\":\"fr-FR\"},{\"@type\":\"Organization\",\"@id\":\"https:\\\/\\\/vtcalexis.re\\\/#organization\",\"name\":\"VTC ALEXIS 974\",\"url\":\"https:\\\/\\\/vtcalexis.re\\\/\",\"logo\":{\"@type\":\"ImageObject\",\"inLanguage\":\"fr-FR\",\"@id\":\"https:\\\/\\\/vtcalexis.re\\\/#\\\/schema\\\/logo\\\/image\\\/\",\"url\":\"https:\\\/\\\/vtcalexis.re\\\/wp-content\\\/uploads\\\/2024\\\/01\\\/cropped-LOGO-5-1.png\",\"contentUrl\":\"https:\\\/\\\/vtcalexis.re\\\/wp-content\\\/uploads\\\/2024\\\/01\\\/cropped-LOGO-5-1.png\",\"width\":512,\"height\":225,\"caption\":\"VTC ALEXIS 974\"},\"image\":{\"@id\":\"https:\\\/\\\/vtcalexis.re\\\/#\\\/schema\\\/logo\\\/image\\\/\"}}]}<\/script>\n<!-- \/ Yoast SEO plugin. -->","yoast_head_json":{"title":"Accueil - VTC ALEXIS 974","robots":{"index":"index","follow":"follow","max-snippet":"max-snippet:-1","max-image-preview":"max-image-preview:large","max-video-preview":"max-video-preview:-1"},"canonical":"https:\/\/vtcalexis.re\/","og_locale":"fr_FR","og_type":"article","og_title":"Accueil - VTC ALEXIS 974","og_description":"Transferts A\u00e9roports Afin de vous faciliter vos d\u00e9placements sur l\u2019i\u00eee de la R\u00e9union , VTC Alexis,VTC La R\u00e9union propose \u00e0 vous touristes ,en excale de croisi\u00e8re et surtout les r\u00e9sidents de l\u2019\u00eele de la R\u00e9union les services suivants\u00a0: les transferts A\u00e9roports La R\u00e9union , le VTC \u00e0 la demande et les excursions sur toute l\u2019\u00eele [&hellip;]","og_url":"https:\/\/vtcalexis.re\/","og_site_name":"VTC ALEXIS 974","article_modified_time":"2024-01-22T10:49:02+00:00","og_image":[{"url":"https:\/\/vtcalexis.re\/wp-content\/uploads\/elementor\/thumbs\/SAM_1228-qie7zx0kdt0tn9gbvtevwlx2vbm508dldmywmnnwjs.jpg","type":"","width":"","height":""}],"twitter_card":"summary_large_image","twitter_misc":{"Dur\u00e9e de lecture estim\u00e9e":"1 minute"},"schema":{"@context":"https:\/\/schema.org","@graph":[{"@type":"WebPage","@id":"https:\/\/vtcalexis.re\/","url":"https:\/\/vtcalexis.re\/","name":"Accueil - VTC ALEXIS 974","isPartOf":{"@id":"https:\/\/vtcalexis.re\/#website"},"primaryImageOfPage":{"@id":"https:\/\/vtcalexis.re\/#primaryimage"},"image":{"@id":"https:\/\/vtcalexis.re\/#primaryimage"},"thumbnailUrl":"https:\/\/vtcalexis.re\/wp-content\/uploads\/elementor\/thumbs\/SAM_1228-qie7zx0kdt0tn9gbvtevwlx2vbm508dldmywmnnwjs.jpg","datePublished":"2024-01-16T12:22:45+00:00","dateModified":"2024-01-22T10:49:02+00:00","breadcrumb":{"@id":"https:\/\/vtcalexis.re\/#breadcrumb"},"inLanguage":"fr-FR","potentialAction":[{"@type":"ReadAction","target":["https:\/\/vtcalexis.re\/"]}]},{"@type":"ImageObject","inLanguage":"fr-FR","@id":"https:\/\/vtcalexis.re\/#primaryimage","url":"https:\/\/vtcalexis.re\/wp-content\/uploads\/elementor\/thumbs\/SAM_1228-qie7zx0kdt0tn9gbvtevwlx2vbm508dldmywmnnwjs.jpg","contentUrl":"https:\/\/vtcalexis.re\/wp-content\/uploads\/elementor\/thumbs\/SAM_1228-qie7zx0kdt0tn9gbvtevwlx2vbm508dldmywmnnwjs.jpg"},{"@type":"BreadcrumbList","@id":"https:\/\/vtcalexis.re\/#breadcrumb","itemListElement":[{"@type":"ListItem","position":1,"name":"Accueil","item":"https:\/\/vtcalexis.re\/"},{"@type":"ListItem","position":2,"name":"Accueil"}]},{"@type":"WebSite","@id":"https:\/\/vtcalexis.re\/#website","url":"https:\/\/vtcalexis.re\/","name":"VTC ALEXIS 974","description":"VTC \u00e0 La R\u00e9union","publisher":{"@id":"https:\/\/vtcalexis.re\/#organization"},"potentialAction":[{"@type":"SearchAction","target":{"@type":"EntryPoint","urlTemplate":"https:\/\/vtcalexis.re\/?s={search_term_string}"},"query-input":{"@type":"PropertyValueSpecification","valueRequired":true,"valueName":"search_term_string"}}],"inLanguage":"fr-FR"},{"@type":"Organization","@id":"https:\/\/vtcalexis.re\/#organization","name":"VTC ALEXIS 974","url":"https:\/\/vtcalexis.re\/","logo":{"@type":"ImageObject","inLanguage":"fr-FR","@id":"https:\/\/vtcalexis.re\/#\/schema\/logo\/image\/","url":"https:\/\/vtcalexis.re\/wp-content\/uploads\/2024\/01\/cropped-LOGO-5-1.png","contentUrl":"https:\/\/vtcalexis.re\/wp-content\/uploads\/2024\/01\/cropped-LOGO-5-1.png","width":512,"height":225,"caption":"VTC ALEXIS 974"},"image":{"@id":"https:\/\/vtcalexis.re\/#\/schema\/logo\/image\/"}}]}},"_links":{"self":[{"href":"https:\/\/vtcalexis.re\/index.php?rest_route=\/wp\/v2\/pages\/8","targetHints":{"allow":["GET"]}}],"collection":[{"href":"https:\/\/vtcalexis.re\/index.php?rest_route=\/wp\/v2\/pages"}],"about":[{"href":"https:\/\/vtcalexis.re\/index.php?rest_route=\/wp\/v2\/types\/page"}],"author":[{"embeddable":true,"href":"https:\/\/vtcalexis.re\/index.php?rest_route=\/wp\/v2\/users\/1"}],"replies":[{"embeddable":true,"href":"https:\/\/vtcalexis.re\/index.php?rest_route=%2Fwp%2Fv2%2Fcomments&post=8"}],"version-history":[{"count":20,"href":"https:\/\/vtcalexis.re\/index.php?rest_route=\/wp\/v2\/pages\/8\/revisions"}],"predecessor-version":[{"id":96,"href":"https:\/\/vtcalexis.re\/index.php?rest_route=\/wp\/v2\/pages\/8\/revisions\/96"}],"wp:attachment":[{"href":"https:\/\/vtcalexis.re\/index.php?rest_route=%2Fwp%2Fv2%2Fmedia&parent=8"}],"curies":[{"name":"wp","href":"https:\/\/api.w.org\/{rel}","templated":true}]}}